{"id":5212,"date":"2021-08-25T07:26:28","date_gmt":"2021-08-25T07:26:28","guid":{"rendered":"http:\/\/dummy.xtemos.com\/woodmart2\/?page_id=5212"},"modified":"2025-09-05T08:21:04","modified_gmt":"2025-09-05T08:21:04","slug":"about-us","status":"publish","type":"page","link":"https:\/\/miladhannoun.eu\/sv\/about-us\/","title":{"rendered":"Om oss"},"content":{"rendered":"<div class=\"wpb-content-wrapper\"><div data-vc-full-width=\"true\" data-vc-full-width-temp=\"true\" data-vc-full-width-init=\"false\" class=\"vc_row wpb_row vc_row-fluid vc_custom_1753955632546 vc_row-has-fill vc_row-o-content-middle vc_row-flex wd-rs-688b3d1defbb3\"><div class=\"wpb_column vc_column_container vc_col-sm-12 vc_col-lg-6 vc_col-md-6 vc_col-xs-12 wd-rs-6304cedc2f301\"><div class=\"vc_column-inner vc_custom_1661259488899\"><div class=\"wpb_wrapper\">\n\t\t<div id=\"wd-68a4b35157ed3\" class=\"title-wrapper wd-wpb wd-set-mb reset-last-child  wd-rs-68a4b35157ed3 wd-title-color-primary wd-title-style-default text-left wd-off-anim wpb_animate_when_almost_visible wpb_fadeInLeft fadeInLeft wd-anim-name_fadeInLeft vc_custom_1755624281088 wd-width-custom wd-underline-colored\">\n\t\t\t\t\t\t\t\n\t\t\t\t<div class=\"title-subtitle  subtitle-color-primary font-default subtitle-style-default wd-font-weight-600 wd-fontsize-m\">Om oss<\/div>\n\t\t\t\n\t\t\t<div class=\"liner-continer\">\n\t\t\t\t<h4 class=\"woodmart-title-container title  wd-font-weight- wd-fontsize-xxxl\" >Exklusiv europeisk agent f\u00f6r Milad Hannoun Cosmetics<\/h4>\n\t\t\t\t\t\t\t<\/div>\n\t\t\t\n\t\t\t\t\t\t\t<div class=\"title-after_title reset-last-child  wd-fontsize-s\">Vi \u00e4r glada och hedrade att officiellt kunna meddela att vi har beviljats de exklusiva r\u00e4ttigheterna att representera Milad Hannoun Cosmetics p\u00e5 hela den europeiska marknaden. Detta strategiska partnerskap markerar en viktig milstolpe i v\u00e5r resa och \u00f6ppnar nya m\u00f6jligheter att introducera en premium sk\u00f6nhetsupplevelse f\u00f6r europeiska konsumenter.<\/div>\n\t\t\t\n\t\t\t\n\t\t<\/div>\n\t\t\n\t\t<\/div><\/div><\/div><div class=\"wpb_column vc_column_container vc_col-sm-6 vc_col-lg-3 vc_col-md-3 vc_col-xs-12 vc_hidden-xs wd-rs-6304cf1b0e4a9\"><div class=\"vc_column-inner vc_custom_1661259551735\"><div class=\"wpb_wrapper\">\t\t<div id=\"wd-688215eb137e3\" class=\"wd-image wd-wpb wd-animation wd-transform wd-animation-slide-from-top wd-animation-normal wd-rs-688215eb137e3 text-left vc_custom_1753355786911\">\n\t\t\t\n\t\t\t<img loading=\"lazy\" decoding=\"async\" width=\"500\" height=\"300\" src=\"https:\/\/miladhannoun.eu\/wp-content\/uploads\/2025\/07\/yasmin-card.webp\" class=\"attachment-full size-full\" alt=\"yasmin card\" srcset=\"https:\/\/miladhannoun.eu\/wp-content\/uploads\/2025\/07\/yasmin-card.webp 500w, https:\/\/miladhannoun.eu\/wp-content\/uploads\/2025\/07\/yasmin-card-430x258.webp 430w, https:\/\/miladhannoun.eu\/wp-content\/uploads\/2025\/07\/yasmin-card-150x90.webp 150w, https:\/\/miladhannoun.eu\/wp-content\/uploads\/2025\/07\/yasmin-card-400x240.webp 400w\" sizes=\"auto, (max-width: 500px) 100vw, 500px\" \/>\n\t\t\t\t\t<\/div>\n\t\t\t\t<div id=\"wd-68823234bd866\" class=\"wd-image wd-wpb wd-animation wd-transform wd-animation-slide-from-bottom wd-animation-normal wd-rs-68823234bd866 text-left vc_custom_1753363007673\">\n\t\t\t\n\t\t\t<img loading=\"lazy\" decoding=\"async\" width=\"398\" height=\"420\" src=\"https:\/\/miladhannoun.eu\/wp-content\/uploads\/2025\/07\/milad-card.webp\" class=\"attachment-full size-full\" alt=\"milad hannoun\" srcset=\"https:\/\/miladhannoun.eu\/wp-content\/uploads\/2025\/07\/milad-card.webp 398w, https:\/\/miladhannoun.eu\/wp-content\/uploads\/2025\/07\/milad-card-150x158.webp 150w, https:\/\/miladhannoun.eu\/wp-content\/uploads\/2025\/07\/milad-card-284x300.webp 284w\" sizes=\"auto, (max-width: 398px) 100vw, 398px\" \/>\n\t\t\t\t\t<\/div>\n\t\t<\/div><\/div><\/div><div class=\"wpb_column vc_column_container vc_col-sm-6 vc_col-lg-3 vc_col-md-3 vc_col-xs-12 wd-rs-63189c34b5949\"><div class=\"vc_column-inner vc_custom_1662557246860\"><div class=\"wpb_wrapper\"><div class=\"vc_row wpb_row vc_inner vc_row-fluid vc_custom_1661255373485 wd-rs-6304bec8115b3\"><div class=\"wpb_column vc_column_container vc_col-sm-12 vc_col-has-fill wd-rs-6881fff55963e\"><div class=\"vc_column-inner vc_custom_1753350151340\"><div class=\"wpb_wrapper\">\t\t<div id=\"wd-6882323eee10c\" class=\"wd-text-block wd-wpb reset-last-child wd-animation wd-transform wd-animation-slide-from-top wd-animation-normal wd-rs-6882323eee10c text-left color-scheme-light wd-fontsize-s vc_custom_1753363019923\">\n\t\t\t<p>Sk\u00f6nhet handlar inte bara om utseende, det \u00e4r en spegling av sj\u00e4lvf\u00f6rtroende, omtanke och individualitet. Jag skapade detta varum\u00e4rke f\u00f6r att fira just det hos varje m\u00e4nniska.<\/p>\n\t\t<\/div>\n\t\t\t\t\t<div class=\"info-box-wrapper\">\n\t\t\t\t<div id=\"wd-68820322b89d8\" class=\"wd-rs-68820322b89d8 wd-info-box wd-wpb text-left box-icon-align-left box-style- color-scheme-light wd-bg-none wd-items-middle vc_custom_1753351007236\">\n\t\t\t\t\t\t\t\t\t\t\t<div class=\"box-icon-wrapper  box-with-icon box-icon-simple\">\n\t\t\t\t\t\t\t<div class=\"info-box-icon\">\n\t\t\t\t\t\t\t\t<img loading=\"lazy\" decoding=\"async\" width=\"65\" height=\"65\" src=\"https:\/\/miladhannoun.eu\/wp-content\/uploads\/2025\/07\/milad-avatar-65x65.webp\" class=\"attachment-65x65 size-65x65\" alt=\"milad avatar\" srcset=\"https:\/\/miladhannoun.eu\/wp-content\/uploads\/2025\/07\/milad-avatar-65x65.webp 65w, https:\/\/miladhannoun.eu\/wp-content\/uploads\/2025\/07\/milad-avatar.webp 100w\" sizes=\"auto, (max-width: 65px) 100vw, 65px\" \/>\t\t\t\t\t\t\t<\/div>\n\t\t\t\t\t\t<\/div>\n\t\t\t\t\t\t\t\t\t\t<div class=\"info-box-content\">\n\t\t\t\t\t\t<h4 class=\"info-box-title title box-title-style-default wd-fontsize-m\">Milad Hannoun<\/h4>\t\t\t\t\t\t<div class=\"info-box-inner reset-last-child\"><\/div>\n\n\t\t\t\t\t\t\t\t\t\t\t<\/div>\n\n\t\t\t\t\t\t\t\t\t\t\t<a class=\"wd-info-box-link wd-fill\" aria-label=\"Infobox link\" href=\"#\" title=\"\"><\/a>\n\t\t\t\t\t\n\t\t\t\t\t\t\t\t\t<\/div>\n\t\t\t<\/div>\n\t\t<\/div><\/div><\/div><\/div>\t\t<div id=\"wd-68a4b4c4d28b2\" class=\"wd-image wd-wpb wd-animation wd-transform wd-animation-slide-from-bottom wd-animation-normal wd-rs-68a4b4c4d28b2 text-left\">\n\t\t\t\n\t\t\t<img loading=\"lazy\" decoding=\"async\" width=\"500\" height=\"300\" src=\"https:\/\/miladhannoun.eu\/wp-content\/uploads\/2025\/08\/new-logo.webp\" class=\"attachment-full size-full\" alt=\"milad hannoun logo\" srcset=\"https:\/\/miladhannoun.eu\/wp-content\/uploads\/2025\/08\/new-logo.webp 500w, https:\/\/miladhannoun.eu\/wp-content\/uploads\/2025\/08\/new-logo-400x240.webp 400w, https:\/\/miladhannoun.eu\/wp-content\/uploads\/2025\/08\/new-logo-430x258.webp 430w, https:\/\/miladhannoun.eu\/wp-content\/uploads\/2025\/08\/new-logo-150x90.webp 150w\" sizes=\"auto, (max-width: 500px) 100vw, 500px\" \/>\n\t\t\t\t\t<\/div>\n\t\t<\/div><\/div><\/div><\/div><div class=\"vc_row-full-width vc_clearfix\"><\/div><div data-vc-full-width=\"true\" data-vc-full-width-temp=\"true\" data-vc-full-width-init=\"false\" class=\"vc_row wpb_row vc_row-fluid vc_custom_1753352993229 vc_row-has-fill wd-bg-center-top wd-rs-68820b0ea470d\"><div class=\"wpb_column vc_column_container vc_col-sm-12 wd-rs-6304c1a160c2d\"><div class=\"vc_column-inner vc_custom_1661256101087\"><div class=\"wpb_wrapper\">\n\t\t<div id=\"wd-68823268cbaab\" class=\"title-wrapper wd-wpb wd-set-mb reset-last-child  wd-rs-68823268cbaab wd-title-color-primary wd-title-style-default text-center wd-off-anim wpb_animate_when_almost_visible wpb_left-to-right left-to-right wd-anim-name_left-to-right vc_custom_1753363082333 wd-width-custom wd-underline-colored\">\n\t\t\t\n\t\t\t<div class=\"liner-continer\">\n\t\t\t\t<h4 class=\"woodmart-title-container title  wd-font-weight- wd-fontsize-xxl\" >Milad Hannoun is not just a brand<\/h4>\n\t\t\t\t\t\t\t<\/div>\n\t\t\t\n\t\t\t\n\t\t\t\n\t\t<\/div>\n\t\t\n\t\t\t\t<div id=\"wd-68ba9d4f9d14a\" class=\"wd-text-block wd-wpb reset-last-child wd-animation wd-transform wd-animation-slide-from-top wd-animation-normal wd-rs-68ba9d4f9d14a text-center wd-width-custom wd-fontsize-s\">\n\t\t\t<p>Det \u00e4r f\u00f6rkroppsligandet av \u00e5rtionden av talang, passion och expertis. Som en av de mest framst\u00e5ende och respekterade sk\u00f6nhetsexperterna i Arabv\u00e4rlden och bortom den, <a href=\"https:\/\/miladhannoun.com\/\">Milad Hannoun <\/a>har han byggt upp ett enast\u00e5ende rykte genom engagemang, kreativitet och en djup f\u00f6rst\u00e5else f\u00f6r sk\u00f6nhet i alla dess former. Hans arbete har format de ikoniska utseendena hos otaliga arabiska och internationella k\u00e4ndisar och gett honom b\u00e5de kunders och professionellas f\u00f6rtroende och beundran.<\/p>\n\t\t<\/div>\n\t\t\t\t<div id=\"wd-68ba9d5a6601d\" class=\"wd-text-block wd-wpb reset-last-child wd-animation wd-transform wd-animation-slide-from-top wd-animation-normal wd_delay_100 wd-rs-68ba9d5a6601d text-center wd-width-custom wd-fontsize-s vc_custom_1757060447985\">\n\t\t\t<p>Han b\u00f6rjade sin karri\u00e4r anm\u00e4rkningsv\u00e4rt tidigt och \u00f6ppnade sin f\u00f6rsta salong vid 20 \u00e5rs \u00e5lder. Med vision och ambition ut\u00f6kade han sin n\u00e4rvaro genom att grunda ett av de st\u00f6rsta och mest prestigefyllda sk\u00f6nhetscentrumen i Damaskus. Hans resa ledde honom sedan till att \u00f6ppna en lyxig flaggskeppssalong i Downtown Dubai, ett nav f\u00f6r sk\u00f6nhet och innovation i Mellan\u00f6stern. Genom sitt arbete har Milad Hannoun blivit ett v\u00e4lk\u00e4nt namn och en sann auktoritet inom sk\u00f6nhetsindustrin.<\/p>\n\t\t<\/div>\n\t\t<\/div><\/div><\/div><\/div><div class=\"vc_row-full-width vc_clearfix\"><\/div><div data-vc-full-width=\"true\" data-vc-full-width-temp=\"true\" data-vc-full-width-init=\"false\" class=\"vc_row wpb_row vc_row-fluid vc_custom_1753362771592 vc_row-has-fill wd-rs-6882314c51f3c\"><div class=\"wpb_column vc_column_container vc_col-sm-6\"><div class=\"vc_column-inner\"><div class=\"wpb_wrapper\">\n\t<div class=\"wpb_text_column wpb_content_element wd-animation wd-transform wd-animation-slide-from-top wd-animation-normal wd_delay_300\" >\n\t\t<div class=\"wpb_wrapper\">\n\t\t\t<p data-start=\"1496\" data-end=\"1862\"><span style=\"color: #191919;\">Drivs av str\u00e4van efter excellens och en vilja att dela sin expertis med en bredare publik skapade Milad Hannoun m\u00e4rket Milad Hannoun Cosmetics, en serie h\u00f6gkvalitativa sk\u00f6nhetsprodukter utvecklade f\u00f6r att m\u00f6ta och \u00f6vertr\u00e4ffa internationella standarder. Varje produkt speglar hans praktiska erfarenhet, f\u00f6rfinade tekniker och engagemang f\u00f6r att framh\u00e4va naturlig sk\u00f6nhet med sofistikation och elegans.<\/span><\/p>\n<p data-start=\"1864\" data-end=\"2342\"><span style=\"color: #191919;\">Produktsortimentet har noggrant utformats f\u00f6r att passa behoven hos en modern, medveten och m\u00e5ngsidig kundbas. Fr\u00e5n lyxiga formuleringar till stilfull f\u00f6rpackning har varje detalj \u00f6verv\u00e4gts f\u00f6r att s\u00e4kerst\u00e4lla b\u00e5de h\u00f6g prestanda och efterlevnad av europeiska regler och s\u00e4kerhetsstandarder. Varum\u00e4rket har redan f\u00e5tt entusiastiska reaktioner fr\u00e5n sk\u00f6nhetsproffs, makeupartister och slutkonsumenter och vinner stadigt marknadens f\u00f6rtroende och lojalitet.<\/span><\/p>\n\n\t\t<\/div>\n\t<\/div>\n<\/div><\/div><\/div><div class=\"wpb_column vc_column_container vc_col-sm-6\"><div class=\"vc_column-inner\"><div class=\"wpb_wrapper\">\n\t<div class=\"wpb_text_column wpb_content_element wd-animation wd-transform wd-animation-slide-from-top wd-animation-normal wd_delay_400\" >\n\t\t<div class=\"wpb_wrapper\">\n\t\t\t<p data-start=\"2344\" data-end=\"2727\"><span style=\"color: #191919;\">Som den officiella och exklusiva distribut\u00f6ren av Milad Hannoun Cosmetics i Europa \u00e4r vi engagerade i att uppr\u00e4tth\u00e5lla h\u00f6gsta niv\u00e5 av professionalism, integritet och kundn\u00f6jdhet. Vi bygger aktivt partnerskap med sk\u00f6nhets\u00e5terf\u00f6rs\u00e4ljare, apotek, salonger och distributionskanaler som delar v\u00e5r vision om att leverera premium sk\u00f6nhetsl\u00f6sningar till kr\u00e4vande kunder.<\/span><\/p>\n<p data-start=\"2729\" data-end=\"2978\"><span style=\"color: #191919;\">Oavsett om du \u00e4r distribut\u00f6r, \u00e5terf\u00f6rs\u00e4ljare eller sk\u00f6nhetsproffs som vill inkludera Milad Hannoun Cosmetics i din verksamhet, v\u00e4lkomnar vi samarbeten och tillhandah\u00e5ller g\u00e4rna detaljerad information, produktkataloger och provkit p\u00e5 beg\u00e4ran.<\/span><\/p>\n\n\t\t<\/div>\n\t<\/div>\n<\/div><\/div><\/div><\/div><div class=\"vc_row-full-width vc_clearfix\"><\/div><div data-vc-full-width=\"true\" data-vc-full-width-temp=\"true\" data-vc-full-width-init=\"false\" class=\"vc_row wpb_row vc_row-fluid vc_custom_1753361551261 vc_row-has-fill vc_row-o-content-middle vc_row-flex wd-rs-68822c84f076c\"><div class=\"wpb_column vc_column_container vc_col-sm-12 vc_col-lg-6 vc_col-md-5\"><div class=\"vc_column-inner vc_custom_1538388179858\"><div class=\"wpb_wrapper\">\n\t\t<div id=\"wd-688232da10c95\" class=\"title-wrapper wd-wpb wd-set-mb reset-last-child  wd-rs-688232da10c95 wd-title-color-default wd-title-style-default text-left wd-off-anim wpb_animate_when_almost_visible wpb_left-to-right left-to-right wd-anim-name_left-to-right  wd-width-enabled wd-underline-colored\" style=\"--wd-max-width: 90%;\">\n\t\t\t\t\t\t\t\n\t\t\t\t<div class=\"title-subtitle  subtitle-color-default font-default subtitle-style-default wd-font-weight- wd-fontsize-xs\">F\u00f6rfinad sk\u00f6nhet<\/div>\n\t\t\t\n\t\t\t<div class=\"liner-continer\">\n\t\t\t\t<h4 class=\"woodmart-title-container title  wd-font-weight- wd-fontsize-l\" >Elegans som best\u00e5r<\/h4>\n\t\t\t\t\t\t\t<\/div>\n\t\t\t\n\t\t\t\t\t\t\t<div class=\"title-after_title reset-last-child  wd-fontsize-xs\">Varje siffra ber\u00e4ttar en historia om f\u00f6rtroende, kvalitet och passion. Fr\u00e5n tusentals n\u00f6jda kunder till premiumprodukter skapade med omsorg \u00e4r Milad Hannoun Cosmetics mer \u00e4n bara sk\u00f6nhet. Det \u00e4r ett engagemang f\u00f6r excellens som du b\u00e5de kan se och k\u00e4nna.<\/div>\n\t\t\t\n\t\t\t\n\t\t<\/div>\n\t\t\n\t\t<div id=\"wd-688232e5069bd\" class=\"wd-rs-688232e5069bd vc_custom_1753363183235 wd-button-wrapper wd-off-anim wpb_animate_when_almost_visible wpb_right-to-left right-to-left wd-anim-name_right-to-left text-center inline-element\"><a href=\"#\" title=\"\" style=\"--btn-color:#fff;--btn-color-hover:#fff;\" class=\"btn btn-style-default btn-shape-semi-round btn-size-default\">Shoppa nu<\/a><\/div><\/div><\/div><\/div><div class=\"wpb_column vc_column_container vc_col-sm-12 vc_col-lg-6 vc_col-md-7\"><div class=\"vc_column-inner\"><div class=\"wpb_wrapper\"><div class=\"vc_row wpb_row vc_inner vc_row-fluid\"><div class=\"wpb_column vc_column_container vc_col-sm-12 vc_col-lg-6 vc_col-md-6\"><div class=\"vc_column-inner\"><div class=\"wpb_wrapper\">\t\t\t<div class=\"info-box-wrapper\">\n\t\t\t\t<div id=\"wd-68a4a5b2ba20e\" class=\"wd-rs-68a4a5b2ba20e wd-info-box wd-wpb text-left box-icon-align-left box-style- color-scheme- wd-bg-none wd-off-anim wpb_animate_when_almost_visible wpb_left-to-right left-to-right wd-anim-name_left-to-right wd-items-top\">\n\t\t\t\t\t\t\t\t\t\t\t<div class=\"box-icon-wrapper  box-with-icon box-icon-with-bg\">\n\t\t\t\t\t\t\t<div class=\"info-box-icon\">\n\t\t\t\t\t\t\t\t<div class=\"info-svg-wrapper\" style=\"width: 45px;height: 45px;\"><img decoding=\"async\"  alt=\"milad hannoun\" src=\"https:\/\/miladhannoun.eu\/wp-content\/uploads\/2025\/07\/location-pin-heart.svg\" loading=\"lazy\" width=\"45\" height=\"45\"><\/div>\t\t\t\t\t\t\t<\/div>\n\t\t\t\t\t\t<\/div>\n\t\t\t\t\t\t\t\t\t\t<div class=\"info-box-content\">\n\t\t\t\t\t\t<h4 class=\"info-box-title title box-title-style-default font-primary wd-fontsize-m\">Ursprung<\/h4>\t\t\t\t\t\t<div class=\"info-box-inner reset-last-child\"><p>Inspirerad av Damaskus arv, skapad f\u00f6r att lysa v\u00e4rlden \u00f6ver.<\/p>\n<\/div>\n\n\t\t\t\t\t\t\t\t\t\t\t<\/div>\n\n\t\t\t\t\t\n\t\t\t\t\t<style>#wd-68a4a5b2ba20e .info-box-icon {border-color:  !important;}#wd-68a4a5b2ba20e:hover .info-box-icon{border-color:  !important;}<\/style>\t\t\t\t<\/div>\n\t\t\t<\/div>\n\t\t\t\t\t<div class=\"info-box-wrapper\">\n\t\t\t\t<div id=\"wd-6887638d34f69\" class=\"wd-rs-6887638d34f69 wd-info-box wd-wpb text-left box-icon-align-left box-style- color-scheme- wd-bg-none wd-off-anim wpb_animate_when_almost_visible wpb_left-to-right left-to-right wd-anim-name_left-to-right wd-items-top vc_custom_1753703312021\">\n\t\t\t\t\t\t\t\t\t\t\t<div class=\"box-icon-wrapper  box-with-icon box-icon-with-bg\">\n\t\t\t\t\t\t\t<div class=\"info-box-icon\">\n\t\t\t\t\t\t\t\t<div class=\"info-svg-wrapper\" style=\"width: 45px;height: 45px;\"><img decoding=\"async\"  alt=\"milad hannoun\" src=\"https:\/\/miladhannoun.eu\/wp-content\/uploads\/2025\/07\/flask.svg\" loading=\"lazy\" width=\"45\" height=\"45\"><\/div>\t\t\t\t\t\t\t<\/div>\n\t\t\t\t\t\t<\/div>\n\t\t\t\t\t\t\t\t\t\t<div class=\"info-box-content\">\n\t\t\t\t\t\t<h4 class=\"info-box-title title box-title-style-default wd-fontsize-m\">Utveckling<\/h4>\t\t\t\t\t\t<div class=\"info-box-inner reset-last-child\"><\/p>\n<div class=\"wgl-infobox_content\">\n<p>Utvecklad under \u00f6verinseende av hudv\u00e5rdsspecialister.<\/p>\n<\/div>\n<p>\n<\/div>\n\n\t\t\t\t\t\t\t\t\t\t\t<\/div>\n\n\t\t\t\t\t\n\t\t\t\t\t<style>#wd-6887638d34f69 .info-box-icon {border-color:  !important;}#wd-6887638d34f69:hover .info-box-icon{border-color:  !important;}<\/style>\t\t\t\t<\/div>\n\t\t\t<\/div>\n\t\t<\/div><\/div><\/div><div class=\"wpb_column vc_column_container vc_col-sm-12 vc_col-lg-6 vc_col-md-6\"><div class=\"vc_column-inner\"><div class=\"wpb_wrapper\">\t\t\t<div class=\"info-box-wrapper\">\n\t\t\t\t<div id=\"wd-6887638848920\" class=\"wd-rs-6887638848920 wd-info-box wd-wpb text-left box-icon-align-left box-style- color-scheme- wd-bg-none wd-off-anim wpb_animate_when_almost_visible wpb_right-to-left right-to-left wd-anim-name_right-to-left wd-items-top vc_custom_1753703307548\">\n\t\t\t\t\t\t\t\t\t\t\t<div class=\"box-icon-wrapper  box-with-icon box-icon-with-bg\">\n\t\t\t\t\t\t\t<div class=\"info-box-icon\">\n\t\t\t\t\t\t\t\t<div class=\"info-svg-wrapper\" style=\"width: 45px;height: 45px;\"><img decoding=\"async\"  alt=\"milad hannoun\" src=\"https:\/\/miladhannoun.eu\/wp-content\/uploads\/2025\/07\/time-forward.svg\" loading=\"lazy\" width=\"45\" height=\"45\"><\/div>\t\t\t\t\t\t\t<\/div>\n\t\t\t\t\t\t<\/div>\n\t\t\t\t\t\t\t\t\t\t<div class=\"info-box-content\">\n\t\t\t\t\t\t<h4 class=\"info-box-title title box-title-style-default wd-fontsize-m\">H\u00e5llbarhet<\/h4>\t\t\t\t\t\t<div class=\"info-box-inner reset-last-child\"><p>Formulerad f\u00f6r att ge upp till 48 timmars felfritt och l\u00e5ngvarigt resultat.<\/p>\n<\/div>\n\n\t\t\t\t\t\t\t\t\t\t\t<\/div>\n\n\t\t\t\t\t\n\t\t\t\t\t<style>#wd-6887638848920 .info-box-icon {border-color:  !important;}#wd-6887638848920:hover .info-box-icon{border-color:  !important;}<\/style>\t\t\t\t<\/div>\n\t\t\t<\/div>\n\t\t\t\t\t<div class=\"info-box-wrapper\">\n\t\t\t\t<div id=\"wd-68a4bb70dd65e\" class=\"wd-rs-68a4bb70dd65e wd-info-box wd-wpb text-left box-icon-align-left box-style- color-scheme- wd-bg-none wd-off-anim wpb_animate_when_almost_visible wpb_left-to-right left-to-right wd-anim-name_left-to-right wd-items-top vc_custom_1755626420863\">\n\t\t\t\t\t\t\t\t\t\t\t<div class=\"box-icon-wrapper  box-with-icon box-icon-with-bg\">\n\t\t\t\t\t\t\t<div class=\"info-box-icon\">\n\t\t\t\t\t\t\t\t<div class=\"info-svg-wrapper\" style=\"width: 45px;height: 45px;\"><img decoding=\"async\"  alt=\"milad hannoun\" src=\"https:\/\/miladhannoun.eu\/wp-content\/uploads\/2025\/08\/rose.svg\" loading=\"lazy\" width=\"45\" height=\"45\"><\/div>\t\t\t\t\t\t\t<\/div>\n\t\t\t\t\t\t<\/div>\n\t\t\t\t\t\t\t\t\t\t<div class=\"info-box-content\">\n\t\t\t\t\t\t<h4 class=\"info-box-title title box-title-style-default wd-fontsize-m\">M\u00e5ngsidighet<\/h4>\t\t\t\t\t\t<div class=\"info-box-inner reset-last-child\"><p>Skonsam, effektiv och noggrant balanserad f\u00f6r att passa alla hudtyper och hudtoner.<\/p>\n<\/div>\n\n\t\t\t\t\t\t\t\t\t\t\t<\/div>\n\n\t\t\t\t\t\n\t\t\t\t\t<style>#wd-68a4bb70dd65e .info-box-icon {border-color:  !important;}#wd-68a4bb70dd65e:hover .info-box-icon{border-color:  !important;}<\/style>\t\t\t\t<\/div>\n\t\t\t<\/div>\n\t\t<\/div><\/div><\/div><\/div><\/div><\/div><\/div><\/div><div class=\"vc_row-full-width vc_clearfix\"><\/div>\n<\/div>","protected":false},"excerpt":{"rendered":"About us Exclusive European Agent for Milad Hannoun Cosmetics We are delighted and honored to officially announce that we have","protected":false},"author":1,"featured_media":10830,"parent":0,"menu_order":0,"comment_status":"closed","ping_status":"closed","template":"","meta":{"footnotes":""},"class_list":["post-5212","page","type-page","status-publish","has-post-thumbnail","hentry"],"_links":{"self":[{"href":"https:\/\/miladhannoun.eu\/sv\/wp-json\/wp\/v2\/pages\/5212","targetHints":{"allow":["GET"]}}],"collection":[{"href":"https:\/\/miladhannoun.eu\/sv\/wp-json\/wp\/v2\/pages"}],"about":[{"href":"https:\/\/miladhannoun.eu\/sv\/wp-json\/wp\/v2\/types\/page"}],"author":[{"embeddable":true,"href":"https:\/\/miladhannoun.eu\/sv\/wp-json\/wp\/v2\/users\/1"}],"replies":[{"embeddable":true,"href":"https:\/\/miladhannoun.eu\/sv\/wp-json\/wp\/v2\/comments?post=5212"}],"version-history":[{"count":74,"href":"https:\/\/miladhannoun.eu\/sv\/wp-json\/wp\/v2\/pages\/5212\/revisions"}],"predecessor-version":[{"id":11036,"href":"https:\/\/miladhannoun.eu\/sv\/wp-json\/wp\/v2\/pages\/5212\/revisions\/11036"}],"wp:featuredmedia":[{"embeddable":true,"href":"https:\/\/miladhannoun.eu\/sv\/wp-json\/wp\/v2\/media\/10830"}],"wp:attachment":[{"href":"https:\/\/miladhannoun.eu\/sv\/wp-json\/wp\/v2\/media?parent=5212"}],"curies":[{"name":"wp","href":"https:\/\/api.w.org\/{rel}","templated":true}]}}