{"id":267,"date":"2017-06-21T08:08:52","date_gmt":"2017-06-21T08:08:52","guid":{"rendered":"http:\/\/dummy.xtemos.com\/woodmart\/?page_id=267"},"modified":"2025-08-07T17:36:41","modified_gmt":"2025-08-07T17:36:41","slug":"wishlist","status":"publish","type":"page","link":"https:\/\/miladhannoun.eu\/sv\/wishlist\/","title":{"rendered":"\u00d6nskelista"},"content":{"rendered":"<div class=\"wpb-content-wrapper\"><div class=\"vc_row wpb_row vc_row-fluid vc_custom_1754588194727 wd-rs-6894e41b7dae5\"><div class=\"wpb_column vc_column_container vc_col-sm-12\"><div class=\"vc_column-inner\"><div class=\"wpb_wrapper\">\n\t<div class=\"wpb_text_column wpb_content_element\" >\n\t\t<div class=\"wpb_wrapper\">\n\t\t\t\t\t\n\t\t\n\n\t\t\t\t<div class=\"\" >\n\t\t\t\t\t\t<div class=\"wd-wishlist-content\">\n\t\t\t\t\t\t\t\t\t\n\t\t<div class=\"wd-empty-block wd-empty-wishlist\">\n\n\t\t<h2 class=\"wd-empty-block-title\">\n\t\t\tThis wishlist is empty.\t\t<\/h2>\n\n\t\t\t\t\t<p class=\"wd-empty-block-text\">\n\t\t\t\tDu har inga produkter i \u00f6nskelistan \u00e4nnu. Du kommer att hitta m\u00e5nga intressanta produkter p\u00e5 v\u00e5r sida \"Shoppa\".\t\t\t<\/p>\n\t\t\n\t\t\n\t\t\t\t\t<a class=\"button btn btn-accent wd-empty-block-btn\" href=\"https:\/\/miladhannoun.eu\/sv\/shop\/\">\n\t\t\t\tReturn to shop\t\t\t<\/a>\n\t\t\n\t\t\t\t\t<\/div>\n\t\t\t\t\t\t\t\t\t\t\t<\/div>\n\t\t\t\t<\/div>\n\t\t\n\n\t\t<\/div>\n\t<\/div>\n<\/div><\/div><\/div><\/div>\n<\/div>","protected":false},"excerpt":{"rendered":"This wishlist is empty. You don't have any products in the wishlist yet. You will find a lot of interesting","protected":false},"author":1,"featured_media":0,"parent":0,"menu_order":0,"comment_status":"closed","ping_status":"closed","template":"","meta":{"footnotes":""},"class_list":["post-267","page","type-page","status-publish","hentry"],"_links":{"self":[{"href":"https:\/\/miladhannoun.eu\/sv\/wp-json\/wp\/v2\/pages\/267","targetHints":{"allow":["GET"]}}],"collection":[{"href":"https:\/\/miladhannoun.eu\/sv\/wp-json\/wp\/v2\/pages"}],"about":[{"href":"https:\/\/miladhannoun.eu\/sv\/wp-json\/wp\/v2\/types\/page"}],"author":[{"embeddable":true,"href":"https:\/\/miladhannoun.eu\/sv\/wp-json\/wp\/v2\/users\/1"}],"replies":[{"embeddable":true,"href":"https:\/\/miladhannoun.eu\/sv\/wp-json\/wp\/v2\/comments?post=267"}],"version-history":[{"count":3,"href":"https:\/\/miladhannoun.eu\/sv\/wp-json\/wp\/v2\/pages\/267\/revisions"}],"predecessor-version":[{"id":10825,"href":"https:\/\/miladhannoun.eu\/sv\/wp-json\/wp\/v2\/pages\/267\/revisions\/10825"}],"wp:attachment":[{"href":"https:\/\/miladhannoun.eu\/sv\/wp-json\/wp\/v2\/media?parent=267"}],"curies":[{"name":"wp","href":"https:\/\/api.w.org\/{rel}","templated":true}]}}