{"id":10625,"date":"2025-07-28T12:29:30","date_gmt":"2025-07-28T12:29:30","guid":{"rendered":"https:\/\/miladhannoun.eu\/?page_id=10625"},"modified":"2025-08-24T20:43:11","modified_gmt":"2025-08-24T20:43:11","slug":"categories","status":"publish","type":"page","link":"https:\/\/miladhannoun.eu\/sv\/categories\/","title":{"rendered":"Kategorier"},"content":{"rendered":"<div class=\"wpb-content-wrapper\"><div class=\"vc_row wpb_row vc_row-fluid\"><div class=\"wpb_column vc_column_container vc_col-sm-12 wd-rs-688cac6878705\"><div class=\"vc_column-inner\"><div class=\"wpb_wrapper\"><h2 style=\"color: #801421;text-align: center\" class=\"vc_custom_heading vc_do_custom_heading wpb_animate_when_almost_visible wpb_slideInDown slideInDown vc_custom_1754050419737\" >Uppt\u00e4ck sk\u00f6nheten hos Milad Hannoun<\/h2>\n\t<div class=\"wpb_text_column wpb_content_element vc_custom_1756068183544 wd-animation wd-transform wd-animation-slide-from-top wd-animation-normal\" >\n\t\t<div class=\"wpb_wrapper\">\n\t\t\t<p style=\"text-align: center;\">V\u00e4lkommen till en v\u00e4rld d\u00e4r makeup <a href=\"https:\/\/miladhannoun.eu\/sv\/about-us\/\"><strong data-start=\"217\" data-end=\"234\">Milad Hannoun<\/strong><\/a>, m\u00f6ter konstn\u00e4rskap och elegans. Utforska v\u00e5rt noggrant utvalda sortiment av h\u00f6gpresterande sk\u00f6nhetsprodukter, designade f\u00f6r att framh\u00e4va din naturliga lyster. Oavsett om du markerar dina \u00f6gon, adderar en f\u00e4rgklick p\u00e5 kinderna eller f\u00f6rfinar dina l\u00e4ppar, \u00e4r v\u00e5ra kollektioner skapade f\u00f6r att hj\u00e4lpa dig uttrycka din unika stil.<\/p>\n<p style=\"text-align: center;\">Varje produkt fr\u00e5n <a href=\"https:\/\/www.instagram.com\/miladhannoun\/\"><strong data-start=\"872\" data-end=\"889\">Milad Hannoun<\/strong> <\/a>\u00e4r inspirerad av professionellt hantverk och framtagen f\u00f6r att ge lyxiga resultat. L\u00e5t din sk\u00f6nhet str\u00e5la, utan anstr\u00e4ngning.<\/p>\n\n\t\t<\/div>\n\t<\/div>\n<\/div><\/div><\/div><\/div><div class=\"vc_row wpb_row vc_row-fluid vc_custom_1754050284676 wd-rs-688caee19c6c3\"><div class=\"wpb_column vc_column_container vc_col-sm-12 vc_col-md-6 vc_hidden-sm vc_hidden-xs wd-rs-688cab561f3ce\"><div class=\"vc_column-inner vc_custom_1754049375477\"><div class=\"wpb_wrapper\">\t\t<div class=\"promo-banner-wrapper  wd-rs-688caf8660b05 vc_custom_1754050462118 wd-width-custom\">\n\t\t\t<div id=\"wd-688caf8660b05\" class=\"promo-banner  banner- banner-hover-zoom color-scheme-dark banner-btn-size-default banner-btn-style-link wd-off-anim wpb_animate_when_almost_visible wpb_slideInLeft slideInLeft wd-anim-name_slideInLeft  wd-with-link wd-underline-colored\">\n\t\t\t\t<div class=\"main-wrapp-img\">\n\t\t\t\t\t<div class=\"banner-image wd-bg-position-center\" >\n\t\t\t\t\t\t<img loading=\"lazy\" decoding=\"async\" width=\"1000\" height=\"480\" src=\"https:\/\/miladhannoun.eu\/wp-content\/uploads\/2025\/07\/eye.webp\" class=\"attachment-full size-full\" alt=\"eye\" \/>\t\t\t\t\t<\/div>\n\t\t\t\t<\/div>\n\n\t\t\t\t<div class=\"wrapper-content-banner wd-fill  wd-items-top wd-justify-left\">\n\t\t\t\t\t<div class=\"content-banner  text-left\">\n\t\t\t\t\t\t<h4 class=\"banner-title wd-font-weight-400 wd-fontsize-xl\">\u00d6GON<\/h4>\t\t\t\t\t\t\n\t\t\t\t\t\t\n\t\t\t\t\t\t\t\t\t\t\t<\/div>\n\t\t\t\t<\/div>\n\n\t\t\t\t\t\t\t\t\t<a class=\"wd-promo-banner-link wd-fill\" aria-label=\"Banner link\" href=\"https:\/\/miladhannoun.eu\/sv\/produkt-kategori\/eyes\/\" title=\"\"><\/a>\n\t\t\t\t\n\t\t\t\t\t\t\t<\/div>\n\t\t<\/div>\n\n\t\t<div class=\"vc_row wpb_row vc_inner vc_row-fluid vc_custom_1628062416805 wd-rs-610a42cb36d75\"><div class=\"wpb_column vc_column_container vc_col-sm-7 wd-rs-610a42d933f63\"><div class=\"vc_column-inner vc_custom_1628062427212\"><div class=\"wpb_wrapper\">\t\t<div class=\"promo-banner-wrapper  wd-rs-68945dc59f8fa  wd-width-custom\">\n\t\t\t<div id=\"wd-68945dc59f8fa\" class=\"promo-banner  banner- banner-hover-zoom color-scheme-dark banner-btn-size-default banner-btn-style-link wd-off-anim wpb_animate_when_almost_visible wpb_wd-slide-from-bottom wd-slide-from-bottom wd-anim-name_wd-slide-from-bottom  wd-with-link wd-underline-colored\">\n\t\t\t\t<div class=\"main-wrapp-img\">\n\t\t\t\t\t<div class=\"banner-image wd-bg-position-center\" >\n\t\t\t\t\t\t<img loading=\"lazy\" decoding=\"async\" width=\"666\" height=\"570\" src=\"https:\/\/miladhannoun.eu\/wp-content\/uploads\/2025\/08\/bronzer-1.webp\" class=\"attachment-full size-full\" alt=\"\" \/>\t\t\t\t\t<\/div>\n\t\t\t\t<\/div>\n\n\t\t\t\t<div class=\"wrapper-content-banner wd-fill  wd-items-top wd-justify-left\">\n\t\t\t\t\t<div class=\"content-banner  text-left\">\n\t\t\t\t\t\t<h4 class=\"banner-title wd-font-weight-400 wd-fontsize-xl\">BASE<\/h4>\t\t\t\t\t\t\n\t\t\t\t\t\t\n\t\t\t\t\t\t\t\t\t\t\t<\/div>\n\t\t\t\t<\/div>\n\n\t\t\t\t\t\t\t\t\t<a class=\"wd-promo-banner-link wd-fill\" aria-label=\"Banner link\" href=\"https:\/\/miladhannoun.eu\/sv\/produkt-kategori\/base\/\" title=\"\"><\/a>\n\t\t\t\t\n\t\t\t\t\t\t\t<\/div>\n\t\t<\/div>\n\n\t\t<\/div><\/div><\/div><div class=\"wpb_column vc_column_container vc_col-sm-5 wd-rs-688c960ddb675\"><div class=\"vc_column-inner vc_custom_1754043925119\"><div class=\"wpb_wrapper\">\t\t<div class=\"promo-banner-wrapper  wd-rs-68a1b93eaa361\">\n\t\t\t<div id=\"wd-68a1b93eaa361\" class=\"promo-banner  banner- banner-hover-zoom color-scheme-dark banner-btn-size-default banner-btn-style-default wd-off-anim wpb_animate_when_almost_visible wpb_wd-slide-from-bottom wd-slide-from-bottom wd-anim-name_wd-slide-from-bottom  wd-with-link wd-underline-colored\">\n\t\t\t\t<div class=\"main-wrapp-img\">\n\t\t\t\t\t<div class=\"banner-image wd-bg-position-center\" >\n\t\t\t\t\t\t<img loading=\"lazy\" decoding=\"async\" width=\"464\" height=\"570\" src=\"https:\/\/miladhannoun.eu\/wp-content\/uploads\/2025\/08\/cheeks.webp\" class=\"attachment-full size-full\" alt=\"cheeks\" \/>\t\t\t\t\t<\/div>\n\t\t\t\t<\/div>\n\n\t\t\t\t<div class=\"wrapper-content-banner wd-fill  wd-items-top wd-justify-left\">\n\t\t\t\t\t<div class=\"content-banner  text-left\">\n\t\t\t\t\t\t<h4 class=\"banner-title wd-font-weight-400 wd-fontsize-l\">KINDER<\/h4>\t\t\t\t\t\t\n\t\t\t\t\t\t\n\t\t\t\t\t\t\t\t\t\t\t<\/div>\n\t\t\t\t<\/div>\n\n\t\t\t\t\t\t\t\t\t<a class=\"wd-promo-banner-link wd-fill\" aria-label=\"Banner link\" href=\"https:\/\/miladhannoun.eu\/sv\/produkt-kategori\/cheeks\/\" title=\"\"><\/a>\n\t\t\t\t\n\t\t\t\t\t\t\t<\/div>\n\t\t<\/div>\n\n\t\t<\/div><\/div><\/div><\/div><\/div><\/div><\/div><div class=\"wpb_column vc_column_container vc_col-sm-12 vc_col-md-6 vc_hidden-sm vc_hidden-xs wd-rs-688cab5d9b32b\"><div class=\"vc_column-inner vc_custom_1754049382264\"><div class=\"wpb_wrapper\">\t\t<div class=\"promo-banner-wrapper  wd-rs-68945def7cd3f  wd-width-custom\">\n\t\t\t<div id=\"wd-68945def7cd3f\" class=\"promo-banner  banner- banner-hover-zoom color-scheme-dark banner-btn-size-large banner-btn-style-link wd-off-anim wpb_animate_when_almost_visible wpb_slideInRight slideInRight wd-anim-name_slideInRight  wd-with-link wd-underline-colored\">\n\t\t\t\t<div class=\"main-wrapp-img\">\n\t\t\t\t\t<div class=\"banner-image wd-bg-position-center\" >\n\t\t\t\t\t\t<img loading=\"lazy\" decoding=\"async\" width=\"800\" height=\"800\" src=\"https:\/\/miladhannoun.eu\/wp-content\/uploads\/2025\/08\/lips-category.webp\" class=\"attachment-full size-full\" alt=\"lips Milad Hannoun makeup\" \/>\t\t\t\t\t<\/div>\n\t\t\t\t<\/div>\n\n\t\t\t\t<div class=\"wrapper-content-banner wd-fill  wd-items-top wd-justify-left\">\n\t\t\t\t\t<div class=\"content-banner  text-left\">\n\t\t\t\t\t\t<h4 class=\"banner-title wd-font-weight-400 wd-fontsize-l\">L\u00c4PPAR<\/h4>\t\t\t\t\t\t\n\t\t\t\t\t\t\n\t\t\t\t\t\t\t\t\t\t\t<\/div>\n\t\t\t\t<\/div>\n\n\t\t\t\t\t\t\t\t\t<a class=\"wd-promo-banner-link wd-fill\" aria-label=\"Banner link\" href=\"https:\/\/miladhannoun.eu\/sv\/produkt-kategori\/lips\/\" title=\"\"><\/a>\n\t\t\t\t\n\t\t\t\t\t\t\t<\/div>\n\t\t<\/div>\n\n\t\t<\/div><\/div><\/div><\/div><div class=\"vc_row wpb_row vc_row-fluid vc_custom_1754050148744 wd-rs-688cae585f1b6\"><div class=\"wpb_column vc_column_container vc_col-sm-6 vc_hidden-lg vc_hidden-md wd-rs-688cab71d5d51\"><div class=\"vc_column-inner\"><div class=\"wpb_wrapper\">\t\t<div class=\"promo-banner-wrapper  wd-rs-68a1b98fa1059 vc_custom_1755429268873 wd-width-custom\">\n\t\t\t<div id=\"wd-68a1b98fa1059\" class=\"promo-banner  banner- banner-hover-zoom color-scheme-dark banner-btn-size-large banner-btn-style-link wd-off-anim wpb_animate_when_almost_visible wpb_slideInLeft slideInLeft wd-anim-name_slideInLeft  wd-with-link wd-underline-colored\">\n\t\t\t\t<div class=\"main-wrapp-img\">\n\t\t\t\t\t<div class=\"banner-image wd-bg-position-center\" >\n\t\t\t\t\t\t<img loading=\"lazy\" decoding=\"async\" width=\"666\" height=\"570\" src=\"https:\/\/miladhannoun.eu\/wp-content\/uploads\/2025\/08\/eyes-squeer.webp\" class=\"attachment-full size-full\" alt=\"eyes squeer\" \/>\t\t\t\t\t<\/div>\n\t\t\t\t<\/div>\n\n\t\t\t\t<div class=\"wrapper-content-banner wd-fill  wd-items-top wd-justify-left\">\n\t\t\t\t\t<div class=\"content-banner  text-left\">\n\t\t\t\t\t\t<h4 class=\"banner-title wd-font-weight-400 wd-fontsize-l\">\u00d6GON<\/h4>\t\t\t\t\t\t\n\t\t\t\t\t\t\n\t\t\t\t\t\t\t\t\t\t\t<\/div>\n\t\t\t\t<\/div>\n\n\t\t\t\t\t\t\t\t\t<a class=\"wd-promo-banner-link wd-fill\" aria-label=\"Banner link\" href=\"https:\/\/miladhannoun.eu\/sv\/produkt-kategori\/eyes\/\" title=\"\"><\/a>\n\t\t\t\t\n\t\t\t\t\t\t\t<\/div>\n\t\t<\/div>\n\n\t\t<\/div><\/div><\/div><div class=\"wpb_column vc_column_container vc_col-sm-6 vc_hidden-lg vc_hidden-md wd-rs-688cab85221a0\"><div class=\"vc_column-inner\"><div class=\"wpb_wrapper\">\t\t<div class=\"promo-banner-wrapper  wd-rs-68a1b97a11f12 vc_custom_1755429248154 wd-width-custom\">\n\t\t\t<div id=\"wd-68a1b97a11f12\" class=\"promo-banner  banner- banner-hover-zoom color-scheme-dark banner-btn-size-large banner-btn-style-link wd-off-anim wpb_animate_when_almost_visible wpb_wd-slide-from-right wd-slide-from-right wd-anim-name_wd-slide-from-right  wd-with-link wd-underline-colored\">\n\t\t\t\t<div class=\"main-wrapp-img\">\n\t\t\t\t\t<div class=\"banner-image wd-bg-position-center\" >\n\t\t\t\t\t\t<img loading=\"lazy\" decoding=\"async\" width=\"666\" height=\"570\" src=\"https:\/\/miladhannoun.eu\/wp-content\/uploads\/2025\/08\/bronzer-2.webp\" class=\"attachment-full size-full\" alt=\"bronzer\" \/>\t\t\t\t\t<\/div>\n\t\t\t\t<\/div>\n\n\t\t\t\t<div class=\"wrapper-content-banner wd-fill  wd-items-top wd-justify-left\">\n\t\t\t\t\t<div class=\"content-banner  text-left\">\n\t\t\t\t\t\t<h4 class=\"banner-title wd-font-weight-400 wd-fontsize-l\">BASE<\/h4>\t\t\t\t\t\t\n\t\t\t\t\t\t\n\t\t\t\t\t\t\t\t\t\t\t<\/div>\n\t\t\t\t<\/div>\n\n\t\t\t\t\t\t\t\t\t<a class=\"wd-promo-banner-link wd-fill\" aria-label=\"Banner link\" href=\"https:\/\/miladhannoun.eu\/sv\/produkt-kategori\/base\/\" title=\"\"><\/a>\n\t\t\t\t\n\t\t\t\t\t\t\t<\/div>\n\t\t<\/div>\n\n\t\t<\/div><\/div><\/div><\/div><div class=\"vc_row wpb_row vc_row-fluid wd-rs-688caeb7e07ce\"><div class=\"wpb_column vc_column_container vc_col-sm-6 vc_hidden-lg vc_hidden-md wd-rs-688cab8a5d870\"><div class=\"vc_column-inner\"><div class=\"wpb_wrapper\">\t\t<div class=\"promo-banner-wrapper  wd-rs-68a1b98bb62e6 vc_custom_1755429264683 wd-width-custom\">\n\t\t\t<div id=\"wd-68a1b98bb62e6\" class=\"promo-banner  banner- banner-hover-zoom color-scheme-dark banner-btn-size-large banner-btn-style-link wd-off-anim wpb_animate_when_almost_visible wpb_slideInLeft slideInLeft wd-anim-name_slideInLeft  wd-with-link wd-underline-colored\">\n\t\t\t\t<div class=\"main-wrapp-img\">\n\t\t\t\t\t<div class=\"banner-image wd-bg-position-center\" >\n\t\t\t\t\t\t<img loading=\"lazy\" decoding=\"async\" width=\"666\" height=\"570\" src=\"https:\/\/miladhannoun.eu\/wp-content\/uploads\/2025\/08\/cheeks-squeer.webp\" class=\"attachment-full size-full\" alt=\"cheeks squeer\" \/>\t\t\t\t\t<\/div>\n\t\t\t\t<\/div>\n\n\t\t\t\t<div class=\"wrapper-content-banner wd-fill  wd-items-top wd-justify-left\">\n\t\t\t\t\t<div class=\"content-banner  text-left\">\n\t\t\t\t\t\t<h4 class=\"banner-title wd-font-weight-400 wd-fontsize-l\">KINDER<\/h4>\t\t\t\t\t\t\n\t\t\t\t\t\t\n\t\t\t\t\t\t\t\t\t\t\t<\/div>\n\t\t\t\t<\/div>\n\n\t\t\t\t\t\t\t\t\t<a class=\"wd-promo-banner-link wd-fill\" aria-label=\"Banner link\" href=\"https:\/\/miladhannoun.eu\/sv\/produkt-kategori\/cheeks\/%20\/\" title=\"\"><\/a>\n\t\t\t\t\n\t\t\t\t\t\t\t<\/div>\n\t\t<\/div>\n\n\t\t<\/div><\/div><\/div><div class=\"wpb_column vc_column_container vc_col-sm-6 vc_hidden-lg vc_hidden-md wd-rs-688cab8f28714\"><div class=\"vc_column-inner\"><div class=\"wpb_wrapper\">\t\t<div class=\"promo-banner-wrapper  wd-rs-68a1b97ef070c vc_custom_1755429260907 wd-width-custom\">\n\t\t\t<div id=\"wd-68a1b97ef070c\" class=\"promo-banner  banner- banner-hover-zoom color-scheme-dark banner-btn-size-large banner-btn-style-link wd-off-anim wpb_animate_when_almost_visible wpb_wd-slide-from-right wd-slide-from-right wd-anim-name_wd-slide-from-right  wd-with-link wd-underline-colored\">\n\t\t\t\t<div class=\"main-wrapp-img\">\n\t\t\t\t\t<div class=\"banner-image wd-bg-position-center\" >\n\t\t\t\t\t\t<img loading=\"lazy\" decoding=\"async\" width=\"666\" height=\"570\" src=\"https:\/\/miladhannoun.eu\/wp-content\/uploads\/2025\/08\/lips-squeer.webp\" class=\"attachment-full size-full\" alt=\"lips squeer\" \/>\t\t\t\t\t<\/div>\n\t\t\t\t<\/div>\n\n\t\t\t\t<div class=\"wrapper-content-banner wd-fill  wd-items-top wd-justify-left\">\n\t\t\t\t\t<div class=\"content-banner  text-left\">\n\t\t\t\t\t\t<h4 class=\"banner-title wd-font-weight-400 wd-fontsize-l\">L\u00c4PPAR<\/h4>\t\t\t\t\t\t\n\t\t\t\t\t\t\n\t\t\t\t\t\t\t\t\t\t\t<\/div>\n\t\t\t\t<\/div>\n\n\t\t\t\t\t\t\t\t\t<a class=\"wd-promo-banner-link wd-fill\" aria-label=\"Banner link\" href=\"https:\/\/miladhannoun.eu\/sv\/produkt-kategori\/lips\/\" title=\"\"><\/a>\n\t\t\t\t\n\t\t\t\t\t\t\t<\/div>\n\t\t<\/div>\n\n\t\t<\/div><\/div><\/div><\/div><div class=\"vc_row wpb_row vc_row-fluid\"><div class=\"wpb_column vc_column_container vc_col-sm-12\"><div class=\"vc_column-inner\"><div class=\"wpb_wrapper\"><div class=\"vc_empty_space\"   style=\"height: 32px\"><span class=\"vc_empty_space_inner\"><\/span><\/div><\/div><\/div><\/div><\/div>\n<\/div>","protected":false},"excerpt":{"rendered":"Discover the Beauty of Milad Hannoun Welcome to the world of Milad Hannoun, where makeup meets artistry and elegance. Explore","protected":false},"author":1,"featured_media":10679,"parent":0,"menu_order":0,"comment_status":"closed","ping_status":"closed","template":"","meta":{"footnotes":""},"class_list":["post-10625","page","type-page","status-publish","has-post-thumbnail","hentry"],"_links":{"self":[{"href":"https:\/\/miladhannoun.eu\/sv\/wp-json\/wp\/v2\/pages\/10625","targetHints":{"allow":["GET"]}}],"collection":[{"href":"https:\/\/miladhannoun.eu\/sv\/wp-json\/wp\/v2\/pages"}],"about":[{"href":"https:\/\/miladhannoun.eu\/sv\/wp-json\/wp\/v2\/types\/page"}],"author":[{"embeddable":true,"href":"https:\/\/miladhannoun.eu\/sv\/wp-json\/wp\/v2\/users\/1"}],"replies":[{"embeddable":true,"href":"https:\/\/miladhannoun.eu\/sv\/wp-json\/wp\/v2\/comments?post=10625"}],"version-history":[{"count":14,"href":"https:\/\/miladhannoun.eu\/sv\/wp-json\/wp\/v2\/pages\/10625\/revisions"}],"predecessor-version":[{"id":10984,"href":"https:\/\/miladhannoun.eu\/sv\/wp-json\/wp\/v2\/pages\/10625\/revisions\/10984"}],"wp:featuredmedia":[{"embeddable":true,"href":"https:\/\/miladhannoun.eu\/sv\/wp-json\/wp\/v2\/media\/10679"}],"wp:attachment":[{"href":"https:\/\/miladhannoun.eu\/sv\/wp-json\/wp\/v2\/media?parent=10625"}],"curies":[{"name":"wp","href":"https:\/\/api.w.org\/{rel}","templated":true}]}}